{"id":237994,"date":"2024-12-16T18:18:07","date_gmt":"2024-12-16T17:18:07","guid":{"rendered":"https:\/\/www.leebaxter.de\/produkt\/lee-baxter-fan-club-membership-2025\/"},"modified":"2024-12-20T19:18:12","modified_gmt":"2024-12-20T18:18:12","slug":"lee-baxter-fan-club-membership-2025","status":"publish","type":"product","link":"https:\/\/www.leebaxter.de\/en\/produkt\/lee-baxter-fan-club-membership-2025\/","title":{"rendered":"Lee Baxter Fan Club Membership 2025"},"content":{"rendered":"<p>[et_pb_section fb_built=&#8221;1&#8243; _builder_version=&#8221;4.16&#8243; background_color=&#8221;#AEADAC&#8221; background_image=&#8221;http:\/\/2024.leebaxter.de\/wp-content\/uploads\/2024\/05\/Smoke.png&#8221; global_colors_info=&#8221;{}&#8221;][et_pb_row _builder_version=&#8221;4.16&#8243; background_size=&#8221;initial&#8221; background_position=&#8221;top_left&#8221; background_repeat=&#8221;repeat&#8221; width=&#8221;100%&#8221; custom_padding=&#8221;0px||0px||false|false&#8221; global_colors_info=&#8221;{}&#8221;][et_pb_column type=&#8221;4_4&#8243; _builder_version=&#8221;4.16&#8243; custom_padding=&#8221;|||&#8221; global_colors_info=&#8221;{}&#8221; custom_padding__hover=&#8221;|||&#8221;][et_pb_wc_breadcrumb _builder_version=&#8221;4.16&#8243; global_colors_info=&#8221;{}&#8221;][\/et_pb_wc_breadcrumb][et_pb_wc_cart_notice _builder_version=&#8221;4.27.0&#8243; title_text_color=&#8221;#090707&#8243; background_color=&#8221;#AEADAC&#8221; custom_button=&#8221;on&#8221; button_text_color=&#8221;#FFFFFF&#8221; button_bg_use_color_gradient=&#8221;on&#8221; button_bg_color_gradient_direction=&#8221;200deg&#8221; button_bg_color_gradient_stops=&#8221;#dc4141 0%|#6a3c3c 100%&#8221; button_border_radius=&#8221;30px&#8221; button_text_size_tablet=&#8221;&#8221; button_text_size_phone=&#8221;14px&#8221; button_text_size_last_edited=&#8221;on|desktop&#8221; border_width_all=&#8221;1px&#8221; border_color_all=&#8221;#6A3C3C&#8221; global_colors_info=&#8221;{}&#8221;][\/et_pb_wc_cart_notice][\/et_pb_column][\/et_pb_row][et_pb_row column_structure=&#8221;1_2,1_2&#8243; _builder_version=&#8221;4.27.0&#8243; background_size=&#8221;initial&#8221; background_position=&#8221;top_left&#8221; background_repeat=&#8221;repeat&#8221; width=&#8221;100%&#8221; custom_padding=&#8221;0px||||false|false&#8221; global_colors_info=&#8221;{}&#8221;][et_pb_column type=&#8221;1_2&#8243; _builder_version=&#8221;4.16&#8243; custom_padding=&#8221;|||&#8221; global_colors_info=&#8221;{}&#8221; custom_padding__hover=&#8221;|||&#8221;][et_pb_wc_images _builder_version=&#8221;4.16&#8243; global_colors_info=&#8221;{}&#8221;][\/et_pb_wc_images][\/et_pb_column][et_pb_column type=&#8221;1_2&#8243; _builder_version=&#8221;4.27.0&#8243; background_color=&#8221;RGBA(255,255,255,0)&#8221; custom_padding=&#8221;|||&#8221; global_colors_info=&#8221;{}&#8221; custom_padding__hover=&#8221;|||&#8221;][et_pb_wc_title _builder_version=&#8221;4.16&#8243; global_colors_info=&#8221;{}&#8221;][\/et_pb_wc_title][et_pb_wc_description admin_label=&#8221;Woo Produktbeschreibung&#8221; _builder_version=&#8221;4.27.4&#8243; global_colors_info=&#8221;{}&#8221;][\/et_pb_wc_description][et_pb_wc_rating _builder_version=&#8221;4.27.0&#8243; rating_text_color=&#8221;#DC4141&#8243; body_text_color=&#8221;#DC4141&#8243; global_colors_info=&#8221;{}&#8221;][\/et_pb_wc_rating][et_pb_wc_price _builder_version=&#8221;4.27.2&#8243; body_text_color=&#8221;#DC4141&#8243; before_sale_price_text_color=&#8221;#090707&#8243; sale_price_text_color=&#8221;#DC4141&#8243; global_colors_info=&#8221;{}&#8221;][\/et_pb_wc_price][et_pb_wc_add_to_cart _builder_version=&#8221;4.27.4&#8243; fields_text_color=&#8221;#090707&#8243; custom_button=&#8221;on&#8221; button_text_size=&#8221;14px&#8221; button_text_color=&#8221;#FFFFFF&#8221; button_bg_use_color_gradient=&#8221;on&#8221; button_bg_color_gradient_direction=&#8221;200deg&#8221; button_bg_color_gradient_stops=&#8221;#dc4141 0%|#6a3c3c 100%&#8221; button_border_width=&#8221;0px&#8221; button_border_radius=&#8221;30px&#8221; global_colors_info=&#8221;{}&#8221;][\/et_pb_wc_add_to_cart][et_pb_wc_meta _builder_version=&#8221;4.27.0&#8243; body_text_color=&#8221;#DC4141&#8243; global_colors_info=&#8221;{}&#8221;][\/et_pb_wc_meta][\/et_pb_column][\/et_pb_row][et_pb_row _builder_version=&#8221;4.16&#8243; background_size=&#8221;initial&#8221; background_position=&#8221;top_left&#8221; background_repeat=&#8221;repeat&#8221; width=&#8221;100%&#8221; global_colors_info=&#8221;{}&#8221;][et_pb_column type=&#8221;4_4&#8243; _builder_version=&#8221;4.16&#8243; custom_padding=&#8221;|||&#8221; global_colors_info=&#8221;{}&#8221; custom_padding__hover=&#8221;|||&#8221;][et_pb_heading title=&#8221;Description&#8221; _builder_version=&#8221;4.27.0&#8243; _module_preset=&#8221;default&#8221; global_colors_info=&#8221;{}&#8221;][\/et_pb_heading][et_pb_text _builder_version=&#8221;4.27.4&#8243; _module_preset=&#8221;default&#8221; global_colors_info=&#8221;{}&#8221;]<\/p>\n<p><strong>Become part of the official Lee Baxter Fan Club 2025!<\/strong><\/p>\n<p>Enjoy a year of exclusive benefits, unique experiences and personal moments with Lee Baxter. Your membership directly supports Lee&#8217;s creative projects &#8211; from video shoots to unforgettable events. Choose between four fan club levels: Bronze, Silver, Gold and Platinum &#8211; each with special highlights that make your fan experience even more intense.  <\/p>\n<p><strong>Note:<\/strong> Membership is valid for the year 2025 and does not renew automatically.<\/p>\n<p>Be there and support Lee Baxter on his journey \u2013 together we can create great moments!<\/p>\n<p>[\/et_pb_text][et_pb_toggle title=&#8221;BRONZE-Mitgliedschaft&#8221; _builder_version=&#8221;4.27.4&#8243; _module_preset=&#8221;default&#8221; global_colors_info=&#8221;{}&#8221;]<\/p>\n<ul>\n<li><strong>Preselling tickets:<\/strong> Secure your place at events with early bird access.<\/li>\n<li><strong>10 % Rabatt auf Online-Merchandise:<\/strong> Spare bei deinen Online-Eink\u00e4ufen in Lees Fanshop.<\/li>\n<li><strong>Online-Meeting mit Lee:<\/strong> Nimm an einem pers\u00f6nlichen virtuellen Treffen teil.<\/li>\n<li><strong>Pers\u00f6nliche Weihnachtskarte:<\/strong> Freue dich auf eine signierte Weihnachtskarte direkt von Lee.<\/li>\n<li><strong>Zimmer-Vorreservierung:<\/strong> Sichere dir ein Zimmer in unserem Fanclub-Haus (Event im November 2025), bevor der offizielle Verkauf startet.<\/li>\n<\/ul>\n<p>[\/et_pb_toggle][et_pb_toggle title=&#8221;SILBER-Mitgliedschaft&#8221; _builder_version=&#8221;4.27.4&#8243; _module_preset=&#8221;default&#8221; global_colors_info=&#8221;{}&#8221;]<\/p>\n<ul>\n<li><strong>Preselling tickets:<\/strong> Secure your place at events with early bird access.<\/li>\n<li><strong>10 % Rabatt auf Online-Merchandise:<\/strong> Spare bei deinen Online-Eink\u00e4ufen in Lees Fanshop.<\/li>\n<li><strong>Online-Meeting mit Lee:<\/strong> Nimm an einem pers\u00f6nlichen virtuellen Treffen teil.<\/li>\n<li><strong>Pers\u00f6nliche Weihnachtskarte:<\/strong> Freue dich auf eine signierte Weihnachtskarte direkt von Lee.<\/li>\n<li><strong>Zimmer-Vorreservierung:<\/strong> Sichere dir ein Zimmer in unserem Fanclub-Haus (Event im November 2025), bevor der offizielle Verkauf startet.<\/li>\n<li><strong>Weckruf von Lee:<\/strong> Erhalte eine pers\u00f6nliche Nachricht auf dein Smartphone, die deinen Tag vers\u00fc\u00dft.<\/li>\n<\/ul>\n<p>[\/et_pb_toggle][et_pb_toggle title=&#8221;GOLD-Mitgliedschaft&#8221; _builder_version=&#8221;4.27.4&#8243; _module_preset=&#8221;default&#8221; global_colors_info=&#8221;{}&#8221;]<\/p>\n<ul>\n<li><strong>Preselling tickets:<\/strong> Secure your place at events with early bird access.<\/li>\n<li><strong>10 % Rabatt auf Online-Merchandise:<\/strong> Spare bei deinen Online-Eink\u00e4ufen in Lees Fanshop.<\/li>\n<li><strong>Online-Meeting mit Lee:<\/strong> Nimm an einem pers\u00f6nlichen virtuellen Treffen teil.<\/li>\n<li><strong>Pers\u00f6nliche Weihnachtskarte:<\/strong> Freue dich auf eine signierte Weihnachtskarte direkt von Lee.<\/li>\n<li><strong>Zimmer-Vorreservierung:<\/strong> Sichere dir ein Zimmer in unserem Fanclub-Haus (Event im November 2025), bevor der offizielle Verkauf startet.<\/li>\n<li><strong>Weckruf von Lee:<\/strong> Erhalte eine pers\u00f6nliche Nachricht auf dein Smartphone, die deinen Tag vers\u00fc\u00dft.<\/li>\n<li><strong>Soundcheck-Erlebnis:<\/strong> Erlebe Lee beim Soundcheck live \u2013 exklusiv f\u00fcr Gold-Mitglieder (im Mai oder November 2025).<\/li>\n<\/ul>\n<p>[\/et_pb_toggle][et_pb_toggle title=&#8221;PLATIN-Mitgliedschaft&#8221; _builder_version=&#8221;4.27.4&#8243; _module_preset=&#8221;default&#8221; global_colors_info=&#8221;{}&#8221;]<\/p>\n<ul>\n<li><strong>Preselling tickets:<\/strong> Secure your place at events with early bird access.<\/li>\n<li><strong>10 % Rabatt auf Online-Merchandise:<\/strong> Spare bei deinen Online-Eink\u00e4ufen in Lees Fanshop.<\/li>\n<li><strong>Online-Meeting mit Lee:<\/strong> Nimm an einem pers\u00f6nlichen virtuellen Treffen teil.<\/li>\n<li><strong>Pers\u00f6nliche Weihnachtskarte:<\/strong> Freue dich auf eine signierte Weihnachtskarte direkt von Lee.<\/li>\n<li><strong>Zimmer-Vorreservierung:<\/strong> Sichere dir ein Zimmer in unserem Fanclub-Haus (Event im November 2025), bevor der offizielle Verkauf startet.<\/li>\n<li><strong>Weckruf von Lee:<\/strong> Erhalte eine pers\u00f6nliche Nachricht auf dein Smartphone, die deinen Tag vers\u00fc\u00dft.<\/li>\n<li><strong>Soundcheck-Erlebnis:<\/strong> Erlebe Lee beim Soundcheck live \u2013 exklusiv f\u00fcr Gold-Mitglieder (im Mai oder November 2025).<\/li>\n<li><strong>Pers\u00f6nliches Geburtstagsvideo:<\/strong> Lee gratuliert dir pers\u00f6nlich mit einer Video-Botschaft.<\/li>\n<li><strong>Song auf der B\u00fchne:<\/strong> Ein einzigartiges Erlebnis \u2013 Lee performt einen Song f\u00fcr alle Platin-Mitglieder (im Mai oder November 2025).<\/li>\n<\/ul>\n<p>[\/et_pb_toggle][et_pb_wc_upsells _builder_version=&#8221;4.16&#8243; global_colors_info=&#8221;{}&#8221;][\/et_pb_wc_upsells][et_pb_wc_related_products _builder_version=&#8221;4.16&#8243; global_colors_info=&#8221;{}&#8221;][\/et_pb_wc_related_products][\/et_pb_column][\/et_pb_row][\/et_pb_section]<\/p>\n","protected":false},"excerpt":{"rendered":"<p><strong>Become part of the official Lee Baxter Fan Club 2025!<\/strong><\/p>\n<p>Your membership directly supports Lee&#8217;s creative projects &#8211; from video shoots to unforgettable events. Choose between four fan club levels: Bronze, Silver, Gold and Platinum &#8211; each with special highlights that make your fan experience even more intense. <\/p>\n<p><strong>Note:<\/strong> Membership is valid for the year 2025 and does not renew automatically.<\/p>\n<p>Be there and support Lee Baxter on his journey \u2013 together we can create great moments!<\/p>\n","protected":false},"featured_media":237958,"comment_status":"open","ping_status":"closed","template":"","meta":{"_et_pb_use_builder":"on","_et_pb_old_content":"<strong>Become part of the official Lee Baxter Fan Club 2025!<\/strong>\n\nEnjoy a year of exclusive benefits, unique experiences and personal moments with Lee Baxter. Your membership directly supports Lee's creative projects - from video shoots to unforgettable events. Choose between four fan club levels: Bronze, Silver, Gold and Platinum - each with special highlights that make your fan experience even more intense.\n\n \n\n<strong>Note:<\/strong> Membership is valid for the year 2025 and does not renew automatically.\n\nBe there and support Lee Baxter on his journey \u2013 together we can create great moments!","_et_gb_content_width":""},"product_brand":[],"product_cat":[92],"product_tag":[],"class_list":{"0":"post-237994","1":"product","2":"type-product","3":"status-publish","4":"has-post-thumbnail","6":"product_cat-other","8":"first","9":"instock","10":"shipping-taxable","11":"purchasable","12":"product-type-variable"},"jetpack_sharing_enabled":true,"_links":{"self":[{"href":"https:\/\/www.leebaxter.de\/en\/wp-json\/wp\/v2\/product\/237994","targetHints":{"allow":["GET"]}}],"collection":[{"href":"https:\/\/www.leebaxter.de\/en\/wp-json\/wp\/v2\/product"}],"about":[{"href":"https:\/\/www.leebaxter.de\/en\/wp-json\/wp\/v2\/types\/product"}],"replies":[{"embeddable":true,"href":"https:\/\/www.leebaxter.de\/en\/wp-json\/wp\/v2\/comments?post=237994"}],"wp:featuredmedia":[{"embeddable":true,"href":"https:\/\/www.leebaxter.de\/en\/wp-json\/wp\/v2\/media\/237958"}],"wp:attachment":[{"href":"https:\/\/www.leebaxter.de\/en\/wp-json\/wp\/v2\/media?parent=237994"}],"wp:term":[{"taxonomy":"product_brand","embeddable":true,"href":"https:\/\/www.leebaxter.de\/en\/wp-json\/wp\/v2\/product_brand?post=237994"},{"taxonomy":"product_cat","embeddable":true,"href":"https:\/\/www.leebaxter.de\/en\/wp-json\/wp\/v2\/product_cat?post=237994"},{"taxonomy":"product_tag","embeddable":true,"href":"https:\/\/www.leebaxter.de\/en\/wp-json\/wp\/v2\/product_tag?post=237994"}],"curies":[{"name":"wp","href":"https:\/\/api.w.org\/{rel}","templated":true}]}}