{"id":396052,"date":"2025-11-26T13:06:23","date_gmt":"2025-11-26T12:06:23","guid":{"rendered":"https:\/\/www.leebaxter.de\/?post_type=product&#038;p=396052"},"modified":"2025-11-26T13:07:42","modified_gmt":"2025-11-26T12:07:42","slug":"leegendaer-fanclub-magazin","status":"publish","type":"product","link":"https:\/\/www.leebaxter.de\/en\/produkt\/leegendaer-fanclub-magazin\/","title":{"rendered":"LEEgend\u00e4r Fanclub-Magazin"},"content":{"rendered":"<p>[et_pb_section fb_built=&#8221;1&#8243; _builder_version=&#8221;4.16&#8243; background_color=&#8221;#AEADAC&#8221; background_image=&#8221;http:\/\/2024.leebaxter.de\/wp-content\/uploads\/2024\/05\/Smoke.png&#8221; global_colors_info=&#8221;{}&#8221;][et_pb_row _builder_version=&#8221;4.16&#8243; background_size=&#8221;initial&#8221; background_position=&#8221;top_left&#8221; background_repeat=&#8221;repeat&#8221; width=&#8221;100%&#8221; custom_padding=&#8221;0px||0px||false|false&#8221; global_colors_info=&#8221;{}&#8221;][et_pb_column type=&#8221;4_4&#8243; _builder_version=&#8221;4.16&#8243; custom_padding=&#8221;|||&#8221; global_colors_info=&#8221;{}&#8221; custom_padding__hover=&#8221;|||&#8221;][et_pb_wc_breadcrumb _builder_version=&#8221;4.16&#8243; global_colors_info=&#8221;{}&#8221;][\/et_pb_wc_breadcrumb][et_pb_wc_cart_notice _builder_version=&#8221;4.27.0&#8243; title_text_color=&#8221;#090707&#8243; background_color=&#8221;#AEADAC&#8221; custom_button=&#8221;on&#8221; button_text_color=&#8221;#FFFFFF&#8221; button_bg_use_color_gradient=&#8221;on&#8221; button_bg_color_gradient_direction=&#8221;200deg&#8221; button_bg_color_gradient_stops=&#8221;#dc4141 0%|#6a3c3c 100%&#8221; button_border_radius=&#8221;30px&#8221; button_text_size_tablet=&#8221;&#8221; button_text_size_phone=&#8221;14px&#8221; button_text_size_last_edited=&#8221;on|desktop&#8221; border_width_all=&#8221;1px&#8221; border_color_all=&#8221;#6A3C3C&#8221; global_colors_info=&#8221;{}&#8221;][\/et_pb_wc_cart_notice][\/et_pb_column][\/et_pb_row][et_pb_row column_structure=&#8221;1_2,1_2&#8243; _builder_version=&#8221;4.27.0&#8243; background_size=&#8221;initial&#8221; background_position=&#8221;top_left&#8221; background_repeat=&#8221;repeat&#8221; width=&#8221;100%&#8221; custom_padding=&#8221;0px||||false|false&#8221; global_colors_info=&#8221;{}&#8221;][et_pb_column type=&#8221;1_2&#8243; _builder_version=&#8221;4.16&#8243; custom_padding=&#8221;|||&#8221; global_colors_info=&#8221;{}&#8221; custom_padding__hover=&#8221;|||&#8221;][et_pb_wc_images _builder_version=&#8221;4.16&#8243; global_colors_info=&#8221;{}&#8221;][\/et_pb_wc_images][\/et_pb_column][et_pb_column type=&#8221;1_2&#8243; _builder_version=&#8221;4.27.0&#8243; background_color=&#8221;RGBA(255,255,255,0)&#8221; custom_padding=&#8221;|||&#8221; global_colors_info=&#8221;{}&#8221; custom_padding__hover=&#8221;|||&#8221;][et_pb_wc_title _builder_version=&#8221;4.16&#8243; global_colors_info=&#8221;{}&#8221;][\/et_pb_wc_title][et_pb_text _builder_version=&#8221;4.27.4&#8243; _module_preset=&#8221;default&#8221; text_font=&#8221;&#8211;et_global_body_font||||||||&#8221; text_text_color=&#8221;#090707&#8243; global_colors_info=&#8221;{}&#8221;]<\/p>\n<p><strong data-start=\"192\" data-end=\"244\">LEEgend\u00e4r \u2013 10 Jahre Lee Baxter, 10 Jahre Magic.<\/strong><br data-start=\"244\" data-end=\"247\" \/>Dieses Magazin ist ein liebevoller R\u00fcckblick auf die unvergesslichen LEExperiences der letzten Dekade: Herzensgeschichten, besondere Fanmomente, pers\u00f6nliche Einblicke und kleine Geheimnisse \u00fcber Lee, die ihr vielleicht noch nicht kanntet. Ein emotionales Erinnerungsst\u00fcck f\u00fcr alle, die Lee schon lange begleiten \u2013 und f\u00fcr alle, die sein Leuchten auch heute noch sp\u00fcren.<\/p>\n<p>[\/et_pb_text][et_pb_wc_rating _builder_version=&#8221;4.27.0&#8243; rating_text_color=&#8221;#DC4141&#8243; body_text_color=&#8221;#DC4141&#8243; global_colors_info=&#8221;{}&#8221;][\/et_pb_wc_rating][et_pb_wc_price _builder_version=&#8221;4.27.2&#8243; body_text_color=&#8221;#DC4141&#8243; before_sale_price_text_color=&#8221;#090707&#8243; sale_price_text_color=&#8221;#DC4141&#8243; global_colors_info=&#8221;{}&#8221;][\/et_pb_wc_price][et_pb_text _builder_version=&#8221;4.27.4&#8243; _module_preset=&#8221;default&#8221; text_font_size=&#8221;12px&#8221; global_module=&#8221;237288&#8243; global_colors_info=&#8221;{}&#8221;]<\/p>\n<p>zzgl. Versandkosten<br \/>Kein Mehrwertsteuerausweis, da Kleinunternehmer nach \u00a719 (1) UStG.<\/p>\n<p>[\/et_pb_text][et_pb_wc_description admin_label=&#8221;Woo Produktbeschreibung&#8221; _builder_version=&#8221;4.16&#8243; global_colors_info=&#8221;{}&#8221;][\/et_pb_wc_description][et_pb_wc_add_to_cart _builder_version=&#8221;4.27.0&#8243; fields_text_color=&#8221;#090707&#8243; custom_button=&#8221;on&#8221; button_text_size=&#8221;14px&#8221; button_bg_color_gradient_direction=&#8221;200deg&#8221; button_bg_color_gradient_stops=&#8221;#dc4141 0%|#6a3c3c 100%&#8221; button_border_width=&#8221;0px&#8221; global_colors_info=&#8221;{}&#8221;][\/et_pb_wc_add_to_cart][et_pb_wc_meta _builder_version=&#8221;4.27.0&#8243; body_text_color=&#8221;#DC4141&#8243; global_colors_info=&#8221;{}&#8221;][\/et_pb_wc_meta][\/et_pb_column][\/et_pb_row][et_pb_row _builder_version=&#8221;4.16&#8243; background_size=&#8221;initial&#8221; background_position=&#8221;top_left&#8221; background_repeat=&#8221;repeat&#8221; width=&#8221;100%&#8221; global_colors_info=&#8221;{}&#8221;][et_pb_column type=&#8221;4_4&#8243; _builder_version=&#8221;4.16&#8243; custom_padding=&#8221;|||&#8221; global_colors_info=&#8221;{}&#8221; custom_padding__hover=&#8221;|||&#8221;][et_pb_heading title=&#8221;Beschreibung&#8221; _builder_version=&#8221;4.27.0&#8243; _module_preset=&#8221;default&#8221; global_colors_info=&#8221;{}&#8221;][\/et_pb_heading][et_pb_text _builder_version=&#8221;4.27.4&#8243; _module_preset=&#8221;default&#8221; text_font=&#8221;&#8211;et_global_body_font||||||||&#8221; text_text_color=&#8221;#090707&#8243; global_colors_info=&#8221;{}&#8221;]<\/p>\n<p data-start=\"174\" data-end=\"581\"><em data-start=\"174\" data-end=\"185\">LEEgend\u00e4r<\/em> ist ein ganz besonderer R\u00fcckblick auf 10 Jahre LEExperience \u2013 kompakt, liebevoll und voller Herz. Auf <strong data-start=\"288\" data-end=\"301\">28 Seiten<\/strong> nehmen wir dich mit auf eine Reise durch all die Momente, die Lee Baxter und seine Community in der letzten Dekade gepr\u00e4gt haben: besondere Begegnungen, tiefgehende Fan-Erlebnisse, pers\u00f6nliche Einblicke und kleine Geheimnisse, die Lee nur denen zeigt, die ihn wirklich begleiten.<\/p>\n<p data-start=\"583\" data-end=\"914\">Dieses Magazin erz\u00e4hlt nicht nur Geschichten \u2013 es f\u00e4ngt den Spirit ein, der die LEExperience ausmacht: N\u00e4he, W\u00e4rme, Mut, Humor und dieses besondere Gef\u00fchl, gemeinsam etwas auf die Beine zu stellen. Exklusive Fotos, Erinnerungen aus dem Team, kleine Insider und emotionale R\u00fcckblicke machen <em data-start=\"873\" data-end=\"884\">LEEgend\u00e4r<\/em> zu einem echten Herzensst\u00fcck.<\/p>\n<p data-start=\"916\" data-end=\"1208\">Und das Sch\u00f6nste?<br data-start=\"933\" data-end=\"936\" \/><strong data-start=\"936\" data-end=\"1022\">Der Erl\u00f6s aus dieser Zeitschrift flie\u00dft direkt in Lees kommende Musikprojekte ein.<\/strong><br data-start=\"1022\" data-end=\"1025\" \/>Mit dem Kauf unterst\u00fctzt du ihn also aktiv dabei, neue Songs, Videos und kreative Visionen zu verwirklichen \u2013 quasi wie ein kleines, aber sehr pers\u00f6nliches Crowdfunding der Community.<\/p>\n<p data-start=\"1210\" data-end=\"1358\"><em data-start=\"1210\" data-end=\"1221\">LEEgend\u00e4r<\/em> ist mehr als ein Magazin.<br data-start=\"1247\" data-end=\"1250\" \/>Es ist ein Dankesch\u00f6n.<br data-start=\"1272\" data-end=\"1275\" \/>Ein Erinnerungsalbum.<br data-start=\"1296\" data-end=\"1299\" \/>Und ein Beitrag dazu, dass Lees Musik weiterfliegen kann. \u2728<\/p>\n<p>[\/et_pb_text][et_pb_wc_upsells _builder_version=&#8221;4.16&#8243; global_colors_info=&#8221;{}&#8221;][\/et_pb_wc_upsells][et_pb_wc_related_products _builder_version=&#8221;4.16&#8243; global_colors_info=&#8221;{}&#8221;][\/et_pb_wc_related_products][\/et_pb_column][\/et_pb_row][\/et_pb_section]<\/p>\n","protected":false},"excerpt":{"rendered":"<p>LEEgend\u00e4r \u2013 10 Jahre Lee Baxter, 10 Jahre Magic.Dieses Magazin ist ein liebevoller R\u00fcckblick auf die unvergesslichen LEExperiences der letzten Dekade: Herzensgeschichten, besondere Fanmomente, pers\u00f6nliche Einblicke und kleine Geheimnisse \u00fcber Lee, die ihr vielleicht noch nicht kanntet. Ein emotionales Erinnerungsst\u00fcck f\u00fcr alle, die Lee schon lange begleiten \u2013 und f\u00fcr alle, die sein Leuchten auch [&hellip;]<\/p>\n","protected":false},"featured_media":396054,"comment_status":"open","ping_status":"closed","template":"","meta":{"_et_pb_use_builder":"on","_et_pb_old_content":"","_et_gb_content_width":""},"product_brand":[],"product_cat":[73],"product_tag":[],"class_list":{"0":"post-396052","1":"product","2":"type-product","3":"status-publish","4":"has-post-thumbnail","6":"product_cat-merchandise","7":"product_shipping_class-grossbrief","9":"first","10":"instock","11":"shipping-taxable","12":"purchasable","13":"product-type-simple"},"jetpack_sharing_enabled":true,"_links":{"self":[{"href":"https:\/\/www.leebaxter.de\/en\/wp-json\/wp\/v2\/product\/396052","targetHints":{"allow":["GET"]}}],"collection":[{"href":"https:\/\/www.leebaxter.de\/en\/wp-json\/wp\/v2\/product"}],"about":[{"href":"https:\/\/www.leebaxter.de\/en\/wp-json\/wp\/v2\/types\/product"}],"replies":[{"embeddable":true,"href":"https:\/\/www.leebaxter.de\/en\/wp-json\/wp\/v2\/comments?post=396052"}],"wp:featuredmedia":[{"embeddable":true,"href":"https:\/\/www.leebaxter.de\/en\/wp-json\/wp\/v2\/media\/396054"}],"wp:attachment":[{"href":"https:\/\/www.leebaxter.de\/en\/wp-json\/wp\/v2\/media?parent=396052"}],"wp:term":[{"taxonomy":"product_brand","embeddable":true,"href":"https:\/\/www.leebaxter.de\/en\/wp-json\/wp\/v2\/product_brand?post=396052"},{"taxonomy":"product_cat","embeddable":true,"href":"https:\/\/www.leebaxter.de\/en\/wp-json\/wp\/v2\/product_cat?post=396052"},{"taxonomy":"product_tag","embeddable":true,"href":"https:\/\/www.leebaxter.de\/en\/wp-json\/wp\/v2\/product_tag?post=396052"}],"curies":[{"name":"wp","href":"https:\/\/api.w.org\/{rel}","templated":true}]}}