{"id":396059,"date":"2025-11-26T13:37:47","date_gmt":"2025-11-26T12:37:47","guid":{"rendered":"https:\/\/www.leebaxter.de\/?post_type=product&#038;p=396059"},"modified":"2025-11-26T13:38:22","modified_gmt":"2025-11-26T12:38:22","slug":"lee-baxter-best-of-lee-baxter-cd","status":"publish","type":"product","link":"https:\/\/www.leebaxter.de\/en\/produkt\/lee-baxter-best-of-lee-baxter-cd\/","title":{"rendered":"Lee Baxter &#8211; BEST OF LEE BAXTER (CD)"},"content":{"rendered":"<p>[et_pb_section fb_built=&#8221;1&#8243; _builder_version=&#8221;4.16&#8243; background_color=&#8221;#AEADAC&#8221; background_image=&#8221;http:\/\/2024.leebaxter.de\/wp-content\/uploads\/2024\/05\/Smoke.png&#8221; global_colors_info=&#8221;{}&#8221;][et_pb_row _builder_version=&#8221;4.16&#8243; background_size=&#8221;initial&#8221; background_position=&#8221;top_left&#8221; background_repeat=&#8221;repeat&#8221; width=&#8221;100%&#8221; custom_padding=&#8221;0px||0px||false|false&#8221; global_colors_info=&#8221;{}&#8221;][et_pb_column type=&#8221;4_4&#8243; _builder_version=&#8221;4.16&#8243; custom_padding=&#8221;|||&#8221; global_colors_info=&#8221;{}&#8221; custom_padding__hover=&#8221;|||&#8221;][et_pb_wc_breadcrumb _builder_version=&#8221;4.16&#8243; global_colors_info=&#8221;{}&#8221;][\/et_pb_wc_breadcrumb][et_pb_wc_cart_notice _builder_version=&#8221;4.27.0&#8243; title_text_color=&#8221;#090707&#8243; background_color=&#8221;#AEADAC&#8221; custom_button=&#8221;on&#8221; button_text_color=&#8221;#FFFFFF&#8221; button_bg_use_color_gradient=&#8221;on&#8221; button_bg_color_gradient_direction=&#8221;200deg&#8221; button_bg_color_gradient_stops=&#8221;#dc4141 0%|#6a3c3c 100%&#8221; button_border_radius=&#8221;30px&#8221; button_text_size_tablet=&#8221;&#8221; button_text_size_phone=&#8221;14px&#8221; button_text_size_last_edited=&#8221;on|desktop&#8221; border_width_all=&#8221;1px&#8221; border_color_all=&#8221;#6A3C3C&#8221; global_colors_info=&#8221;{}&#8221;][\/et_pb_wc_cart_notice][\/et_pb_column][\/et_pb_row][et_pb_row column_structure=&#8221;1_2,1_2&#8243; _builder_version=&#8221;4.27.0&#8243; background_size=&#8221;initial&#8221; background_position=&#8221;top_left&#8221; background_repeat=&#8221;repeat&#8221; width=&#8221;100%&#8221; custom_padding=&#8221;0px||||false|false&#8221; global_colors_info=&#8221;{}&#8221;][et_pb_column type=&#8221;1_2&#8243; _builder_version=&#8221;4.16&#8243; custom_padding=&#8221;|||&#8221; global_colors_info=&#8221;{}&#8221; custom_padding__hover=&#8221;|||&#8221;][et_pb_wc_images _builder_version=&#8221;4.16&#8243; global_colors_info=&#8221;{}&#8221;][\/et_pb_wc_images][\/et_pb_column][et_pb_column type=&#8221;1_2&#8243; _builder_version=&#8221;4.27.0&#8243; background_color=&#8221;RGBA(255,255,255,0)&#8221; custom_padding=&#8221;|||&#8221; global_colors_info=&#8221;{}&#8221; custom_padding__hover=&#8221;|||&#8221;][et_pb_wc_title _builder_version=&#8221;4.16&#8243; global_colors_info=&#8221;{}&#8221;][\/et_pb_wc_title][et_pb_text _builder_version=&#8221;4.27.4&#8243; _module_preset=&#8221;default&#8221; text_font=&#8221;&#8211;et_global_body_font||||||||&#8221; text_text_color=&#8221;#090707&#8243; global_colors_info=&#8221;{}&#8221;]<\/p>\n<p><strong data-start=\"114\" data-end=\"157\">Best Of Lee Baxter\u201c \u2013 die Fan-Edition!<\/strong><br data-start=\"157\" data-end=\"160\" \/>Diese besondere CD vereint die Lieblingssongs, die von der Community selbst gew\u00e4hlt wurden. Ein musikalischer R\u00fcckblick voller Emotionen, Erinnerungen und Herzmomenten \u2013 zusammengestellt von den Menschen, die Lee seit Jahrzehnten begleiten. Ein Must-Have f\u00fcr alle, die seine Musik lieben und ein St\u00fcck Nostalgie mit nach Hause nehmen m\u00f6chten.<\/p>\n<p>[\/et_pb_text][et_pb_wc_rating _builder_version=&#8221;4.27.0&#8243; rating_text_color=&#8221;#DC4141&#8243; body_text_color=&#8221;#DC4141&#8243; global_colors_info=&#8221;{}&#8221;][\/et_pb_wc_rating][et_pb_wc_price _builder_version=&#8221;4.27.2&#8243; body_text_color=&#8221;#DC4141&#8243; before_sale_price_text_color=&#8221;#090707&#8243; sale_price_text_color=&#8221;#DC4141&#8243; global_colors_info=&#8221;{}&#8221;][\/et_pb_wc_price][et_pb_text _builder_version=&#8221;4.27.4&#8243; _module_preset=&#8221;default&#8221; text_font_size=&#8221;12px&#8221; global_module=&#8221;237288&#8243; global_colors_info=&#8221;{}&#8221;]<\/p>\n<p>zzgl. Versandkosten<br \/>Kein Mehrwertsteuerausweis, da Kleinunternehmer nach \u00a719 (1) UStG.<\/p>\n<p>[\/et_pb_text][et_pb_wc_description admin_label=&#8221;Woo Produktbeschreibung&#8221; _builder_version=&#8221;4.16&#8243; global_colors_info=&#8221;{}&#8221;][\/et_pb_wc_description][et_pb_wc_add_to_cart _builder_version=&#8221;4.27.0&#8243; fields_text_color=&#8221;#090707&#8243; custom_button=&#8221;on&#8221; button_text_size=&#8221;14px&#8221; button_bg_color_gradient_direction=&#8221;200deg&#8221; button_bg_color_gradient_stops=&#8221;#dc4141 0%|#6a3c3c 100%&#8221; button_border_width=&#8221;0px&#8221; global_colors_info=&#8221;{}&#8221;][\/et_pb_wc_add_to_cart][et_pb_wc_meta _builder_version=&#8221;4.27.0&#8243; body_text_color=&#8221;#DC4141&#8243; global_colors_info=&#8221;{}&#8221;][\/et_pb_wc_meta][\/et_pb_column][\/et_pb_row][et_pb_row _builder_version=&#8221;4.16&#8243; background_size=&#8221;initial&#8221; background_position=&#8221;top_left&#8221; background_repeat=&#8221;repeat&#8221; width=&#8221;100%&#8221; global_colors_info=&#8221;{}&#8221;][et_pb_column type=&#8221;4_4&#8243; _builder_version=&#8221;4.16&#8243; custom_padding=&#8221;|||&#8221; global_colors_info=&#8221;{}&#8221; custom_padding__hover=&#8221;|||&#8221;][et_pb_heading title=&#8221;Beschreibung&#8221; _builder_version=&#8221;4.27.0&#8243; _module_preset=&#8221;default&#8221; global_colors_info=&#8221;{}&#8221;][\/et_pb_heading][et_pb_text _builder_version=&#8221;4.27.4&#8243; _module_preset=&#8221;default&#8221; text_font=&#8221;&#8211;et_global_body_font||||||||&#8221; text_text_color=&#8221;#090707&#8243; global_colors_info=&#8221;{}&#8221;]<\/p>\n<p data-start=\"171\" data-end=\"512\"><strong data-start=\"171\" data-end=\"245\">Die \u201eBest Of Lee Baxter\u201c \u2013 gew\u00e4hlt von den Fans, erg\u00e4nzt vom K\u00fcnstler.<\/strong><br data-start=\"245\" data-end=\"248\" \/>Diese besondere CD ist weit mehr als nur eine Sammlung von Songs \u2013 sie ist ein Herzensprojekt, das aus echter Fan-Liebe entstanden ist. Wochenlang habt ihr abgestimmt, diskutiert, erinnert, gef\u00fchlt. Und genau diese Verbundenheit sp\u00fcrt man in jedem einzelnen Titel.<\/p>\n<p data-start=\"514\" data-end=\"811\">Ihr habt eure pers\u00f6nlichen Favoriten gew\u00e4hlt \u2013 Songs, die euch durch schwere Zeiten begleitet haben, die euch Mut gegeben oder einfach nur G\u00e4nsehaut beschert haben. Herausgekommen ist eine vielseitige, emotionale und absolut authentische \u201eBest Of\u201c-Edition, die zeigt, wie stark Lees Musik ber\u00fchrt.<\/p>\n<p data-start=\"813\" data-end=\"851\"><strong data-start=\"813\" data-end=\"849\">Die Fan-Favoriten auf dieser CD:<\/strong><\/p>\n<p data-start=\"855\" data-end=\"877\">The Colour Of Autumn<br \/>Die Idee Von Uns Zwei<br \/>Mirror<br \/>Changing Me<br \/>Bridge Of Steel<br \/>People<br \/>Stay Away<br \/>Alive<br \/>Ocean<br \/>Love Come Rushing In<br \/>Unemotional<br \/>Time To Fly<br \/>Running Up That Road<\/p>\n<p data-start=\"1095\" data-end=\"1313\">Lee w\u00e4re nicht Lee, wenn er nicht noch ein kleines Extra f\u00fcr euch h\u00e4tte:<br data-start=\"1167\" data-end=\"1170\" \/>Er hat drei seiner pers\u00f6nlichen Lieblingssongs erg\u00e4nzt \u2013 Titel, die ihm besonders am Herzen liegen und seine k\u00fcnstlerische Reise widerspiegeln.<\/p>\n<p data-start=\"1315\" data-end=\"1406\"><strong data-start=\"1315\" data-end=\"1346\">Lees pers\u00f6nliche Favoriten:<\/strong><br data-start=\"1346\" data-end=\"1349\" \/>Rise Again<br data-start=\"1363\" data-end=\"1366\" \/>This Game<br data-start=\"1379\" data-end=\"1382\" \/>Life\u2019s A Sculpture<\/p>\n<p data-start=\"1408\" data-end=\"1506\">Und weil ihr wisst, wie sehr er die Community sch\u00e4tzt, gibt\u2019s obendrauf noch zwei kleine Specials:<\/p>\n<p data-start=\"1508\" data-end=\"1690\"><strong data-start=\"1508\" data-end=\"1521\">Specials:<\/strong><br data-start=\"1521\" data-end=\"1524\" \/>If Everyone (Sleigh Ride) \u2013 eine gef\u00fchlvolle, winterliche Version f\u00fcr die sch\u00f6nsten Momente des Jahres<\/p>\n<p data-start=\"1508\" data-end=\"1690\">Pers\u00f6nliche Voice Message von Lee \u2013 direkt f\u00fcr euch<\/p>\n<p data-start=\"1692\" data-end=\"1798\">Diese CD ist ein St\u00fcck gemeinsame Geschichte.<br data-start=\"1737\" data-end=\"1740\" \/>Ein Geschenk von euch \u2013 und ein Dankesch\u00f6n von Lee zur\u00fcck.<\/p>\n<p data-start=\"1800\" data-end=\"1896\">Perfekt f\u00fcr Sammler, Fans der ersten Stunde und alle, die Lea Baxters Musik lieben und feiern.<\/p>\n<p>[\/et_pb_text][et_pb_wc_upsells _builder_version=&#8221;4.16&#8243; global_colors_info=&#8221;{}&#8221;][\/et_pb_wc_upsells][et_pb_wc_related_products _builder_version=&#8221;4.16&#8243; global_colors_info=&#8221;{}&#8221;][\/et_pb_wc_related_products][\/et_pb_column][\/et_pb_row][\/et_pb_section]<\/p>\n","protected":false},"excerpt":{"rendered":"<p>Best Of Lee Baxter\u201c \u2013 die Fan-Edition!Diese besondere CD vereint die Lieblingssongs, die von der Community selbst gew\u00e4hlt wurden. Ein musikalischer R\u00fcckblick voller Emotionen, Erinnerungen und Herzmomenten \u2013 zusammengestellt von den Menschen, die Lee seit Jahrzehnten begleiten. Ein Must-Have f\u00fcr alle, die seine Musik lieben und ein St\u00fcck Nostalgie mit nach Hause nehmen m\u00f6chten.zzgl. VersandkostenKein [&hellip;]<\/p>\n","protected":false},"featured_media":396060,"comment_status":"open","ping_status":"closed","template":"","meta":{"_et_pb_use_builder":"on","_et_pb_old_content":"","_et_gb_content_width":""},"product_brand":[],"product_cat":[40],"product_tag":[],"class_list":{"0":"post-396059","1":"product","2":"type-product","3":"status-publish","4":"has-post-thumbnail","6":"product_cat-cds","7":"product_shipping_class-grossbrief","9":"first","10":"instock","11":"shipping-taxable","12":"purchasable","13":"product-type-simple"},"jetpack_sharing_enabled":true,"_links":{"self":[{"href":"https:\/\/www.leebaxter.de\/en\/wp-json\/wp\/v2\/product\/396059","targetHints":{"allow":["GET"]}}],"collection":[{"href":"https:\/\/www.leebaxter.de\/en\/wp-json\/wp\/v2\/product"}],"about":[{"href":"https:\/\/www.leebaxter.de\/en\/wp-json\/wp\/v2\/types\/product"}],"replies":[{"embeddable":true,"href":"https:\/\/www.leebaxter.de\/en\/wp-json\/wp\/v2\/comments?post=396059"}],"wp:featuredmedia":[{"embeddable":true,"href":"https:\/\/www.leebaxter.de\/en\/wp-json\/wp\/v2\/media\/396060"}],"wp:attachment":[{"href":"https:\/\/www.leebaxter.de\/en\/wp-json\/wp\/v2\/media?parent=396059"}],"wp:term":[{"taxonomy":"product_brand","embeddable":true,"href":"https:\/\/www.leebaxter.de\/en\/wp-json\/wp\/v2\/product_brand?post=396059"},{"taxonomy":"product_cat","embeddable":true,"href":"https:\/\/www.leebaxter.de\/en\/wp-json\/wp\/v2\/product_cat?post=396059"},{"taxonomy":"product_tag","embeddable":true,"href":"https:\/\/www.leebaxter.de\/en\/wp-json\/wp\/v2\/product_tag?post=396059"}],"curies":[{"name":"wp","href":"https:\/\/api.w.org\/{rel}","templated":true}]}}